{"id":3179,"date":"2022-08-10T18:51:21","date_gmt":"2022-08-10T17:51:21","guid":{"rendered":"https:\/\/downlleida.org\/servicios\/deportes\/"},"modified":"2025-06-16T12:43:51","modified_gmt":"2025-06-16T11:43:51","slug":"deportes","status":"publish","type":"page","link":"https:\/\/downlleida.org\/es\/servicios\/deportes\/","title":{"rendered":"Deportes"},"content":{"rendered":"<p><div class=\"fusion-fullwidth fullwidth-box fusion-builder-row-1 fusion-flex-container has-pattern-background has-mask-background nonhundred-percent-fullwidth non-hundred-percent-height-scrolling\" style=\"--awb-background-position:left top;--awb-border-sizes-top:0px;--awb-border-sizes-bottom:0px;--awb-border-sizes-left:0px;--awb-border-sizes-right:0px;--awb-border-radius-top-left:0px;--awb-border-radius-top-right:0px;--awb-border-radius-bottom-right:0px;--awb-border-radius-bottom-left:0px;--awb-padding-top:130px;--awb-padding-bottom:0px;--awb-padding-top-medium:90px;--awb-padding-bottom-medium:90px;--awb-margin-bottom:0px;--awb-margin-bottom-medium:0px;--awb-background-color:var(--awb-color1);\" ><div class=\"fusion-builder-row fusion-row fusion-flex-align-items-stretch fusion-flex-justify-content-flex-end\" style=\"max-width:calc( 1200px + 80px );margin-left: calc(-80px \/ 2 );margin-right: calc(-80px \/ 2 );\"><div class=\"fusion-layout-column fusion_builder_column fusion-builder-column-0 fusion_builder_column_1_1 1_1 fusion-flex-column fusion-column-no-min-height fusion-animated\" style=\"--awb-padding-right-medium:0px;--awb-padding-left-medium:0px;--awb-bg-blend:overlay;--awb-bg-size:cover;--awb-width-large:100%;--awb-margin-top-large:0px;--awb-spacing-right-large:calc( 0.08 * calc( 100% - 80px ) );--awb-margin-bottom-large:0px;--awb-spacing-left-large:21px;--awb-width-medium:50%;--awb-spacing-right-medium:calc( 0.16 * calc( 100% - 80px ) );--awb-margin-bottom-medium:49px;--awb-spacing-left-medium:21px;--awb-width-small:100%;--awb-spacing-right-small:40px;--awb-margin-bottom-small:0px;--awb-spacing-left-small:40px;\" data-animationType=\"fadeIn\" data-animationDuration=\"0.8\" data-animationOffset=\"top-into-view\"><div class=\"fusion-column-wrapper fusion-flex-justify-content-flex-start fusion-content-layout-column\"><div class=\"fusion-text fusion-text-1 fusion-text-no-margin\" style=\"--awb-font-size:var(--awb-typography3-font-size);--awb-line-height:var(--awb-typography3-line-height);--awb-letter-spacing:var(--awb-typography3-letter-spacing);--awb-text-transform:var(--awb-typography3-text-transform);--awb-text-color:var(--awb-color6);--awb-text-font-family:var(--awb-typography3-font-family);--awb-text-font-weight:var(--awb-typography3-font-weight);--awb-text-font-style:var(--awb-typography3-font-style);\"><p>Nuestros Servicios<\/p>\n<\/div><div class=\"fusion-title title fusion-title-1 fusion-sep-none fusion-title-text fusion-title-size-three\" style=\"--awb-margin-bottom:0px;\"><h3 class=\"title-heading-left\" style=\"margin:0;\">DEPORTES<\/h3><\/div><\/div><\/div><div class=\"fusion-layout-column fusion_builder_column fusion-builder-column-1 fusion_builder_column_2_3 2_3 fusion-flex-column fusion-column-no-min-height fusion-animated\" style=\"--awb-padding-right-medium:0px;--awb-padding-left-medium:0px;--awb-bg-blend:overlay;--awb-bg-size:cover;--awb-width-large:66.666666666667%;--awb-margin-top-large:21px;--awb-spacing-right-large:40px;--awb-margin-bottom-large:90px;--awb-spacing-left-large:calc( 0.024 * calc( 100% - 80px ) );--awb-width-medium:50%;--awb-spacing-right-medium:40px;--awb-margin-bottom-medium:49px;--awb-spacing-left-medium:calc( 0.032 * calc( 100% - 80px ) );--awb-width-small:100%;--awb-spacing-right-small:40px;--awb-margin-bottom-small:30px;--awb-spacing-left-small:40px;\" data-animationType=\"fadeIn\" data-animationDuration=\"0.8\" data-animationOffset=\"top-into-view\"><div class=\"fusion-column-wrapper fusion-flex-justify-content-flex-start fusion-content-layout-column\"><div class=\"fusion-text fusion-text-2\"><p>Creemos firmemente que el deporte es una herramienta que ayuda a mejorar en cualquiera de los \u00e1mbitos fundamentales de una persona, tanto f\u00edsica como emocionalmente. La pr\u00e1ctica deportiva en equipo tiene un doble beneficio a nivel personal y tambi\u00e9n a nivel social.<\/p>\n<p>Por lo que se refiere a nivel personal, favorece el bienestar f\u00edsico y potencia la autoestima, a la vez que ayuda a tener una buena condici\u00f3n f\u00edsica, mejorando la motivaci\u00f3n para alcanzar nuevos objetivos. A nivel social, potencia la pr\u00e1ctica de habilidades sociales a partir de la interacci\u00f3n entre diferentes miembros del equipo, as\u00ed como tambi\u00e9n aumenta la red social de los\/las deportistas.<\/p>\n<p>Por este motivo, el proyecto deportivo de DOWN LLEIDA incluye la pr\u00e1ctica de diferentes actividades deportivas:<\/p>\n<ul>\n<li>Baloncesto<\/li>\n<li>F\u00fatbol sala<\/li>\n<li>Chikung<\/li>\n<li>Acondicionamiento f\u00edsico en colaboraci\u00f3n con la piscina del Colegio Episcopal<\/li>\n<li>P\u00e1del en las instalaciones de Padel Indoor<\/li>\n<li>Gimnasia art\u00edstica en colaboraci\u00f3n con el Club Gimnastic Fedac<\/li>\n<li>Met Fun en las instalaciones de Met Fisio<\/li>\n<\/ul>\n<\/div><\/div><\/div><div class=\"fusion-layout-column fusion_builder_column fusion-builder-column-2 fusion_builder_column_1_3 1_3 fusion-flex-column fusion-column-no-min-height fusion-animated\" style=\"--awb-padding-right-medium:0px;--awb-padding-left-medium:0px;--awb-bg-blend:overlay;--awb-bg-size:cover;--awb-width-large:33.333333333333%;--awb-margin-top-large:21px;--awb-spacing-right-large:40px;--awb-margin-bottom-large:90px;--awb-spacing-left-large:calc( 0.048 * calc( 100% - 80px ) );--awb-width-medium:50%;--awb-spacing-right-medium:40px;--awb-margin-bottom-medium:49px;--awb-spacing-left-medium:calc( 0.032 * calc( 100% - 80px ) );--awb-width-small:100%;--awb-spacing-right-small:40px;--awb-margin-bottom-small:30px;--awb-spacing-left-small:40px;\" data-animationType=\"fadeIn\" data-animationDuration=\"0.8\" data-animationOffset=\"top-into-view\"><div class=\"fusion-column-wrapper fusion-flex-justify-content-flex-start fusion-content-layout-column\"><div class=\"fusion-image-element \" style=\"text-align:center;--awb-max-width:390px;--awb-caption-title-size:var(--h2_typography-font-size);--awb-caption-title-transform:var(--h2_typography-text-transform);--awb-caption-title-line-height:var(--h2_typography-line-height);--awb-caption-title-letter-spacing:var(--h2_typography-letter-spacing);\"><span class=\" fusion-imageframe imageframe-none imageframe-1 hover-type-none\"><img decoding=\"async\" width=\"800\" height=\"1026\" title=\"OLYMPUS DIGITAL CAMERA\" src=\"https:\/\/downlleida.org\/wp-content\/uploads\/2023\/08\/esport-down-lleida.jpg\" data-orig-src=\"https:\/\/downlleida.org\/wp-content\/uploads\/2023\/08\/esport-down-lleida.jpg\" alt class=\"lazyload img-responsive wp-image-3221\" srcset=\"data:image\/svg+xml,%3Csvg%20xmlns%3D%27http%3A%2F%2Fwww.w3.org%2F2000%2Fsvg%27%20width%3D%27800%27%20height%3D%271026%27%20viewBox%3D%270%200%20800%201026%27%3E%3Crect%20width%3D%27800%27%20height%3D%271026%27%20fill-opacity%3D%220%22%2F%3E%3C%2Fsvg%3E\" data-srcset=\"https:\/\/downlleida.org\/wp-content\/uploads\/2023\/08\/esport-down-lleida-200x257.jpg 200w, https:\/\/downlleida.org\/wp-content\/uploads\/2023\/08\/esport-down-lleida-400x513.jpg 400w, https:\/\/downlleida.org\/wp-content\/uploads\/2023\/08\/esport-down-lleida-600x770.jpg 600w, https:\/\/downlleida.org\/wp-content\/uploads\/2023\/08\/esport-down-lleida.jpg 800w\" data-sizes=\"auto\" data-orig-sizes=\"(max-width: 700px) 100vw, 400px\" \/><\/span><\/div><\/div><\/div><div class=\"fusion-layout-column fusion_builder_column fusion-builder-column-3 fusion_builder_column_2_3 2_3 fusion-flex-column fusion-column-no-min-height fusion-animated\" style=\"--awb-padding-right-medium:0px;--awb-padding-left-medium:0px;--awb-bg-blend:overlay;--awb-bg-size:cover;--awb-width-large:66.666666666667%;--awb-margin-top-large:21px;--awb-spacing-right-large:40px;--awb-margin-bottom-large:90px;--awb-spacing-left-large:calc( 0.024 * calc( 100% - 80px ) );--awb-width-medium:50%;--awb-spacing-right-medium:40px;--awb-margin-bottom-medium:49px;--awb-spacing-left-medium:calc( 0.032 * calc( 100% - 80px ) );--awb-width-small:100%;--awb-spacing-right-small:40px;--awb-margin-bottom-small:30px;--awb-spacing-left-small:40px;\" data-animationType=\"fadeIn\" data-animationDuration=\"0.8\" data-animationOffset=\"top-into-view\"><div class=\"fusion-column-wrapper fusion-flex-justify-content-flex-start fusion-content-layout-column\"><div class=\"fusion-title title fusion-title-2 fusion-sep-none fusion-title-text fusion-title-size-three\"><h3 class=\"title-heading-left\" style=\"margin:0;\">H\u00e1bitos de vida saludables<\/h3><\/div><div class=\"fusion-text fusion-text-3\"><p>El proyecto de h\u00e1bitos de vida saludables tiene como objetivo principal promover el bienestar f\u00edsico, emocional y social de las personas participantes, fomentando rutinas y conductas que contribuyen a una mejor calidad de vida. A trav\u00e9s de actividades pr\u00e1cticas y din\u00e1micas adaptadas, se trabajan aspectos como la alimentaci\u00f3n equilibrada, la pr\u00e1ctica regular de actividad f\u00edsica, la higiene personal, el descanso, la gesti\u00f3n emocional y las relaciones sociales saludables.<\/p>\n<p>El proyecto se adapta a las necesidades del colectivo destinatario, teniendo en cuenta su diversidad funcional, edad y intereses. Se lleva a cabo mediante talleres participativos, rutinas cotidianas guiadas, salidas saludables y din\u00e1micas de grupo, con el acompa\u00f1amiento de profesionales que velan por una intervenci\u00f3n educativa, inclusiva y centrada en la persona.<\/p>\n<p>Con esta iniciativa se quiere favorecer la adquisici\u00f3n de h\u00e1bitos sostenibles al largo del tiempo, aumentar la autonom\u00eda personal y reforzar la autoestima, promoviendo un entorno m\u00e1s consciente y saludable tanto a nivel individual como colectivo.<\/p>\n<\/div><\/div><\/div><div class=\"fusion-layout-column fusion_builder_column fusion-builder-column-4 fusion_builder_column_1_3 1_3 fusion-flex-column\" style=\"--awb-bg-size:cover;--awb-width-large:33.333333333333%;--awb-margin-top-large:0px;--awb-spacing-right-large:40px;--awb-margin-bottom-large:20px;--awb-spacing-left-large:40px;--awb-width-medium:33.333333333333%;--awb-order-medium:0;--awb-spacing-right-medium:40px;--awb-spacing-left-medium:40px;--awb-width-small:100%;--awb-order-small:0;--awb-spacing-right-small:40px;--awb-spacing-left-small:40px;\"><div class=\"fusion-column-wrapper fusion-column-has-shadow fusion-flex-justify-content-flex-start fusion-content-layout-column\"><div class=\"fusion-text fusion-text-4\"><p>Con la colaboraci\u00f3n de:<\/p>\n<\/div><div class=\"fusion-image-element \" style=\"text-align:left;--awb-caption-title-size:var(--h2_typography-font-size);--awb-caption-title-transform:var(--h2_typography-text-transform);--awb-caption-title-line-height:var(--h2_typography-line-height);--awb-caption-title-letter-spacing:var(--h2_typography-letter-spacing);\"><span class=\" fusion-imageframe imageframe-none imageframe-2 hover-type-none\"><img decoding=\"async\" width=\"300\" height=\"150\" title=\"diputacio\" src=\"https:\/\/downlleida.org\/wp-content\/uploads\/2025\/05\/diputacio.gif\" data-orig-src=\"https:\/\/downlleida.org\/wp-content\/uploads\/2025\/05\/diputacio-300x150.gif\" alt class=\"lazyload img-responsive wp-image-5232\" srcset=\"data:image\/svg+xml,%3Csvg%20xmlns%3D%27http%3A%2F%2Fwww.w3.org%2F2000%2Fsvg%27%20width%3D%271654%27%20height%3D%27827%27%20viewBox%3D%270%200%201654%20827%27%3E%3Crect%20width%3D%271654%27%20height%3D%27827%27%20fill-opacity%3D%220%22%2F%3E%3C%2Fsvg%3E\" data-srcset=\"https:\/\/downlleida.org\/wp-content\/uploads\/2025\/05\/diputacio-200x100.gif 200w, https:\/\/downlleida.org\/wp-content\/uploads\/2025\/05\/diputacio-400x200.gif 400w, https:\/\/downlleida.org\/wp-content\/uploads\/2025\/05\/diputacio-600x300.gif 600w, https:\/\/downlleida.org\/wp-content\/uploads\/2025\/05\/diputacio-800x400.gif 800w, https:\/\/downlleida.org\/wp-content\/uploads\/2025\/05\/diputacio-1200x600.gif 1200w\" data-sizes=\"auto\" data-orig-sizes=\"(max-width: 700px) 100vw, 400px\" \/><\/span><\/div><\/div><\/div><\/div><\/div><div class=\"fusion-fullwidth fullwidth-box fusion-builder-row-2 fusion-flex-container has-pattern-background has-mask-background nonhundred-percent-fullwidth non-hundred-percent-height-scrolling\" style=\"--link_hover_color: var(--awb-color5);--link_color: var(--awb-color5);--awb-background-position:right top;--awb-background-blend-mode:overlay;--awb-border-color:var(--awb-color1);--awb-border-radius-top-left:0px;--awb-border-radius-top-right:0px;--awb-border-radius-bottom-right:0px;--awb-border-radius-bottom-left:0px;--awb-padding-top:90px;--awb-padding-bottom:90px;--awb-padding-top-medium:70px;--awb-padding-bottom-medium:70px;--awb-padding-top-small:102px;--awb-padding-right-small:40px;--awb-padding-bottom-small:46px;--awb-padding-left-small:40px;--awb-margin-bottom-medium:0px;--awb-background-image:linear-gradient(152deg, hsla(var(--awb-color2-h),calc(var(--awb-color2-s) + 100%),var(--awb-color2-l),var(--awb-color2-a)) 0%,hsla(var(--awb-color4-h),calc(var(--awb-color4-s) + 30%),calc(var(--awb-color4-l) + 11%),var(--awb-color4-a)) 70%);;\" ><div class=\"fusion-builder-row fusion-row fusion-flex-align-items-center fusion-flex-justify-content-center\" style=\"max-width:1248px;margin-left: calc(-4% \/ 2 );margin-right: calc(-4% \/ 2 );\"><div class=\"fusion-layout-column fusion_builder_column fusion-builder-column-5 fusion_builder_column_1_2 1_2 fusion-flex-column fusion-animated\" style=\"--awb-bg-size:cover;--awb-width-large:50%;--awb-margin-top-large:0px;--awb-spacing-right-large:72px;--awb-margin-bottom-large:0px;--awb-spacing-left-large:3.84%;--awb-width-medium:40%;--awb-order-medium:0;--awb-spacing-right-medium:70px;--awb-spacing-left-medium:4.8%;--awb-width-small:100%;--awb-order-small:0;--awb-spacing-right-small:1.92%;--awb-spacing-left-small:1.92%;\" data-animationType=\"fadeIn\" data-animationDuration=\"1.3\" data-animationOffset=\"top-into-view\"><div class=\"fusion-column-wrapper fusion-column-has-shadow fusion-flex-justify-content-flex-start fusion-content-layout-column\"><div class=\"fusion-image-element \" style=\"--awb-aspect-ratio: 100 \/ 85;--awb-object-position:18% 34%;--awb-margin-bottom-small:50px;--awb-caption-title-size:var(--h2_typography-font-size);--awb-caption-title-transform:var(--h2_typography-text-transform);--awb-caption-title-line-height:var(--h2_typography-line-height);--awb-caption-title-letter-spacing:var(--h2_typography-letter-spacing);\"><span class=\" fusion-imageframe imageframe-none imageframe-3 hover-type-none has-aspect-ratio fusion-animated\" style=\"--awb-animation-color:var(--awb-color4);\" data-animationType=\"revealInLeft\" data-animationDuration=\"1.3\" data-animationOffset=\"top-into-view\"><img decoding=\"async\" width=\"1096\" height=\"654\" title=\"imatge-contacta1\" src=\"https:\/\/downlleida.org\/wp-content\/uploads\/2023\/03\/imatge-contacta1.jpg\" data-orig-src=\"https:\/\/downlleida.org\/wp-content\/uploads\/2023\/03\/imatge-contacta1.jpg\" class=\"lazyload img-responsive wp-image-2925 img-with-aspect-ratio\" alt srcset=\"data:image\/svg+xml,%3Csvg%20xmlns%3D%27http%3A%2F%2Fwww.w3.org%2F2000%2Fsvg%27%20width%3D%271096%27%20height%3D%27654%27%20viewBox%3D%270%200%201096%20654%27%3E%3Crect%20width%3D%271096%27%20height%3D%27654%27%20fill-opacity%3D%220%22%2F%3E%3C%2Fsvg%3E\" data-srcset=\"https:\/\/downlleida.org\/wp-content\/uploads\/2023\/03\/imatge-contacta1-200x119.jpg 200w, https:\/\/downlleida.org\/wp-content\/uploads\/2023\/03\/imatge-contacta1-400x239.jpg 400w, https:\/\/downlleida.org\/wp-content\/uploads\/2023\/03\/imatge-contacta1-600x358.jpg 600w, https:\/\/downlleida.org\/wp-content\/uploads\/2023\/03\/imatge-contacta1-800x477.jpg 800w, https:\/\/downlleida.org\/wp-content\/uploads\/2023\/03\/imatge-contacta1.jpg 1096w\" data-sizes=\"auto\" data-orig-sizes=\"(max-width: 700px) 100vw, 600px\" \/><\/span><\/div><\/div><\/div><div class=\"fusion-layout-column fusion_builder_column fusion-builder-column-6 fusion-flex-column fusion-animated\" style=\"--awb-padding-bottom-medium:0px;--awb-bg-size:cover;--awb-width-large:50%;--awb-margin-top-large:0px;--awb-spacing-right-large:3.84%;--awb-margin-bottom-large:9px;--awb-spacing-left-large:55px;--awb-width-medium:60%;--awb-order-medium:0;--awb-spacing-right-medium:3.2%;--awb-spacing-left-medium:20px;--awb-width-small:100%;--awb-order-small:0;--awb-spacing-right-small:1.92%;--awb-spacing-left-small:20px;\" data-animationType=\"fadeInRight\" data-animationDuration=\"1.3\" data-animationOffset=\"top-into-view\"><div class=\"fusion-column-wrapper fusion-column-has-shadow fusion-flex-justify-content-flex-start fusion-content-layout-column\"><div class=\"fusion-title title fusion-title-3 fusion-sep-none fusion-title-text fusion-title-size-two\" style=\"--awb-margin-top:20px;--awb-margin-bottom:30px;\"><h2 class=\"title-heading-left\" style=\"margin:0;\">Contacta amb nosaltres per obtenir m\u00e9s informaci\u00f3<\/h2><\/div><div ><a class=\"fusion-button button-flat fusion-button-default-size button-default fusion-button-default button-1 fusion-button-default-span \" style=\"--button_bevel_color:var(--awb-color4);--button_bevel_color_hover:var(--awb-color4);--button_padding-top:18px;--button_padding-right:40px;--button_padding-bottom:18px;--button_padding-left:40px;\" target=\"_self\" data-hover=\"text_slide_up\" href=\"https:\/\/downlleida.org\/es\/contacto\/\"><div class=\"awb-button-text-transition\"><span class=\"fusion-button-text\">contactar<\/span><span class=\"fusion-button-text\">contactar<\/span><\/div><\/a><\/div><\/div><\/div><\/div><\/div>\n<\/p>\n","protected":false},"excerpt":{"rendered":"","protected":false},"author":1,"featured_media":3107,"parent":3173,"menu_order":0,"comment_status":"closed","ping_status":"closed","template":"100-width.php","meta":{"footnotes":""},"class_list":["post-3179","page","type-page","status-publish","has-post-thumbnail","hentry"],"yoast_head":"<!-- This site is optimized with the Yoast SEO plugin v20.0 - https:\/\/yoast.com\/wordpress\/plugins\/seo\/ -->\n<title>Deportes - Down Lleida<\/title>\n<meta name=\"robots\" content=\"index, follow, max-snippet:-1, max-image-preview:large, max-video-preview:-1\" \/>\n<link rel=\"canonical\" href=\"https:\/\/downlleida.org\/es\/servicios\/deportes\/\" \/>\n<meta property=\"og:locale\" content=\"es_ES\" \/>\n<meta property=\"og:type\" content=\"article\" \/>\n<meta property=\"og:title\" content=\"Deportes - Down Lleida\" \/>\n<meta property=\"og:url\" content=\"https:\/\/downlleida.org\/es\/servicios\/deportes\/\" \/>\n<meta property=\"og:site_name\" content=\"Down Lleida\" \/>\n<meta property=\"article:modified_time\" content=\"2025-06-16T11:43:51+00:00\" \/>\n<meta property=\"og:image\" content=\"https:\/\/downlleida.org\/wp-content\/uploads\/2023\/06\/bg-header-sports.jpg\" \/>\n\t<meta property=\"og:image:width\" content=\"1280\" \/>\n\t<meta property=\"og:image:height\" content=\"853\" \/>\n\t<meta property=\"og:image:type\" content=\"image\/jpeg\" \/>\n<meta name=\"twitter:card\" content=\"summary_large_image\" \/>\n<meta name=\"twitter:label1\" content=\"Tiempo de lectura\" \/>\n\t<meta name=\"twitter:data1\" content=\"7 minutos\" \/>\n<script type=\"application\/ld+json\" class=\"yoast-schema-graph\">{\"@context\":\"https:\/\/schema.org\",\"@graph\":[{\"@type\":\"WebPage\",\"@id\":\"https:\/\/downlleida.org\/es\/servicios\/deportes\/\",\"url\":\"https:\/\/downlleida.org\/es\/servicios\/deportes\/\",\"name\":\"Deportes - Down Lleida\",\"isPartOf\":{\"@id\":\"https:\/\/downlleida.org\/#website\"},\"datePublished\":\"2022-08-10T17:51:21+00:00\",\"dateModified\":\"2025-06-16T11:43:51+00:00\",\"breadcrumb\":{\"@id\":\"https:\/\/downlleida.org\/es\/servicios\/deportes\/#breadcrumb\"},\"inLanguage\":\"es\",\"potentialAction\":[{\"@type\":\"ReadAction\",\"target\":[\"https:\/\/downlleida.org\/es\/servicios\/deportes\/\"]}]},{\"@type\":\"BreadcrumbList\",\"@id\":\"https:\/\/downlleida.org\/es\/servicios\/deportes\/#breadcrumb\",\"itemListElement\":[{\"@type\":\"ListItem\",\"position\":1,\"name\":\"Portada\",\"item\":\"https:\/\/downlleida.org\/es\/\"},{\"@type\":\"ListItem\",\"position\":2,\"name\":\"Servicios\",\"item\":\"https:\/\/downlleida.org\/es\/servicios\/\"},{\"@type\":\"ListItem\",\"position\":3,\"name\":\"Deportes\"}]},{\"@type\":\"WebSite\",\"@id\":\"https:\/\/downlleida.org\/#website\",\"url\":\"https:\/\/downlleida.org\/\",\"name\":\"Down Lleida\",\"description\":\"Associaci\u00f3 Lleidatana per a la S\u00edndrome de Down\",\"potentialAction\":[{\"@type\":\"SearchAction\",\"target\":{\"@type\":\"EntryPoint\",\"urlTemplate\":\"https:\/\/downlleida.org\/?s={search_term_string}\"},\"query-input\":\"required name=search_term_string\"}],\"inLanguage\":\"es\"}]}<\/script>\n<!-- \/ Yoast SEO plugin. -->","yoast_head_json":{"title":"Deportes - Down Lleida","robots":{"index":"index","follow":"follow","max-snippet":"max-snippet:-1","max-image-preview":"max-image-preview:large","max-video-preview":"max-video-preview:-1"},"canonical":"https:\/\/downlleida.org\/es\/servicios\/deportes\/","og_locale":"es_ES","og_type":"article","og_title":"Deportes - Down Lleida","og_url":"https:\/\/downlleida.org\/es\/servicios\/deportes\/","og_site_name":"Down Lleida","article_modified_time":"2025-06-16T11:43:51+00:00","og_image":[{"width":1280,"height":853,"url":"https:\/\/downlleida.org\/wp-content\/uploads\/2023\/06\/bg-header-sports.jpg","type":"image\/jpeg"}],"twitter_card":"summary_large_image","twitter_misc":{"Tiempo de lectura":"7 minutos"},"schema":{"@context":"https:\/\/schema.org","@graph":[{"@type":"WebPage","@id":"https:\/\/downlleida.org\/es\/servicios\/deportes\/","url":"https:\/\/downlleida.org\/es\/servicios\/deportes\/","name":"Deportes - Down Lleida","isPartOf":{"@id":"https:\/\/downlleida.org\/#website"},"datePublished":"2022-08-10T17:51:21+00:00","dateModified":"2025-06-16T11:43:51+00:00","breadcrumb":{"@id":"https:\/\/downlleida.org\/es\/servicios\/deportes\/#breadcrumb"},"inLanguage":"es","potentialAction":[{"@type":"ReadAction","target":["https:\/\/downlleida.org\/es\/servicios\/deportes\/"]}]},{"@type":"BreadcrumbList","@id":"https:\/\/downlleida.org\/es\/servicios\/deportes\/#breadcrumb","itemListElement":[{"@type":"ListItem","position":1,"name":"Portada","item":"https:\/\/downlleida.org\/es\/"},{"@type":"ListItem","position":2,"name":"Servicios","item":"https:\/\/downlleida.org\/es\/servicios\/"},{"@type":"ListItem","position":3,"name":"Deportes"}]},{"@type":"WebSite","@id":"https:\/\/downlleida.org\/#website","url":"https:\/\/downlleida.org\/","name":"Down Lleida","description":"Associaci\u00f3 Lleidatana per a la S\u00edndrome de Down","potentialAction":[{"@type":"SearchAction","target":{"@type":"EntryPoint","urlTemplate":"https:\/\/downlleida.org\/?s={search_term_string}"},"query-input":"required name=search_term_string"}],"inLanguage":"es"}]}},"_links":{"self":[{"href":"https:\/\/downlleida.org\/es\/wp-json\/wp\/v2\/pages\/3179","targetHints":{"allow":["GET"]}}],"collection":[{"href":"https:\/\/downlleida.org\/es\/wp-json\/wp\/v2\/pages"}],"about":[{"href":"https:\/\/downlleida.org\/es\/wp-json\/wp\/v2\/types\/page"}],"author":[{"embeddable":true,"href":"https:\/\/downlleida.org\/es\/wp-json\/wp\/v2\/users\/1"}],"replies":[{"embeddable":true,"href":"https:\/\/downlleida.org\/es\/wp-json\/wp\/v2\/comments?post=3179"}],"version-history":[{"count":8,"href":"https:\/\/downlleida.org\/es\/wp-json\/wp\/v2\/pages\/3179\/revisions"}],"predecessor-version":[{"id":5270,"href":"https:\/\/downlleida.org\/es\/wp-json\/wp\/v2\/pages\/3179\/revisions\/5270"}],"up":[{"embeddable":true,"href":"https:\/\/downlleida.org\/es\/wp-json\/wp\/v2\/pages\/3173"}],"wp:featuredmedia":[{"embeddable":true,"href":"https:\/\/downlleida.org\/es\/wp-json\/wp\/v2\/media\/3107"}],"wp:attachment":[{"href":"https:\/\/downlleida.org\/es\/wp-json\/wp\/v2\/media?parent=3179"}],"curies":[{"name":"wp","href":"https:\/\/api.w.org\/{rel}","templated":true}]}}