{"id":3317,"date":"2023-08-23T15:37:05","date_gmt":"2023-08-23T14:37:05","guid":{"rendered":"https:\/\/downlleida.org\/politica-cookies\/"},"modified":"2023-08-23T15:58:26","modified_gmt":"2023-08-23T14:58:26","slug":"politica-cookies","status":"publish","type":"page","link":"https:\/\/downlleida.org\/es\/politica-cookies\/","title":{"rendered":"Pol\u00edtica de Cookies"},"content":{"rendered":"<div class=\"fusion-fullwidth fullwidth-box fusion-builder-row-1 fusion-flex-container has-pattern-background has-mask-background nonhundred-percent-fullwidth non-hundred-percent-height-scrolling\" style=\"--awb-border-radius-top-left:0px;--awb-border-radius-top-right:0px;--awb-border-radius-bottom-right:0px;--awb-border-radius-bottom-left:0px;\" ><div class=\"fusion-builder-row fusion-row fusion-flex-align-items-flex-start\" style=\"max-width:1248px;margin-left: calc(-4% \/ 2 );margin-right: calc(-4% \/ 2 );\"><div class=\"fusion-layout-column fusion_builder_column fusion-builder-column-0 fusion_builder_column_1_1 1_1 fusion-flex-column\" style=\"--awb-bg-size:cover;--awb-width-large:100%;--awb-margin-top-large:0px;--awb-spacing-right-large:1.92%;--awb-margin-bottom-large:20px;--awb-spacing-left-large:1.92%;--awb-width-medium:100%;--awb-order-medium:0;--awb-spacing-right-medium:1.92%;--awb-spacing-left-medium:1.92%;--awb-width-small:100%;--awb-order-small:0;--awb-spacing-right-small:1.92%;--awb-spacing-left-small:1.92%;\"><div class=\"fusion-column-wrapper fusion-column-has-shadow fusion-flex-justify-content-flex-start fusion-content-layout-column\"><div class=\"fusion-text fusion-text-1\"><p>Las cookies son el medio t\u00e9cnico para la \u201ctrazabilidad\u201d y seguimiento de la navegaci\u00f3n en los Sitios Web. Son peque\u00f1os ficheros de texto que se escriben en el ordenador del Usuario. Este m\u00e9todo tiene implicaciones sobre la privacidad, por lo que<b>\u00a0DOWN LLEIDA<\/b>\u00a0informa de que podr\u00e1 utilizar cookies con la finalidad de elaborar estad\u00edsticas de utilizaci\u00f3n del sitio web as\u00ed como para identificar el PC del Usuario permitiendo reconocerle en sus pr\u00f3ximas visitas. En todo caso, el usuario puede configurar su navegador para no permitir el uso de cookies en sus visitas al web site.<\/p>\n<p>En\u00a0<b>DOWN LLEIDA<\/b>\u00a0utilizamos cookies con el objetivo de prestar un mejor servicio y proporcionarte una mejor experiencia en tu navegaci\u00f3n. Queremos informarte de manera clara y precisa sobre las cookies que utilizamos, detallando a continuaci\u00f3n, qu\u00e9 es una cookie, para qu\u00e9 sirve, cu\u00e1l es su finalidad y c\u00f3mo puedes configurarlas o deshabilitarlas si as\u00ed lo deseas.<\/p>\n<p>De conformidad con la normativa espa\u00f1ola que regula el uso de cookies en relaci\u00f3n a la prestaci\u00f3n de servicios de comunicaciones electr\u00f3nicas, recogida en el Real Decreto-ley 13\/2012, de 30 de marzo, le informamos sobre las cookies utilizadas en el sitio web de\u00a0<b>DOWN LLEIDA\u00a0<\/b>(en adelante, el \u201cSitio Web\u201d) y el motivo de su uso. Asimismo,\u00a0<b>DOWN LLEIDA<\/b>\u00a0le informa de que al navegar en el Sitio Web usted est\u00e1 prestando su consentimiento para poder utilizarlas.<\/p>\n<p>Las cookies utilizadas en nuestro Sitio Web, pueden ser propias y de terceros, y nos permiten almacenar y acceder a informaci\u00f3n relativa al idioma, el tipo de navegador utilizado, y otras caracter\u00edsticas generales predefinidas por el usuario, as\u00ed como, seguir y analizar la actividad que lleva a cabo, con el objeto de introducir mejoras y prestar nuestros servicios de una manera m\u00e1s eficiente y personalizada.<\/p>\n<p>La utilizaci\u00f3n de las cookies ofrece numerosas ventajas en la prestaci\u00f3n de servicios de la sociedad de la informaci\u00f3n, puesto que, entre otras: (i) facilita al usuario la navegaci\u00f3n en el Sitio Web y el acceso a los diferentes servicios que ofrece; (ii) evita al usuario configurar las caracter\u00edsticas generales predefinidas cada vez que accede al Sitio Web; (iii) favorece la mejora del funcionamiento y de los servicios prestados a trav\u00e9s del Sitio Web, tras el correspondiente an\u00e1lisis de la informaci\u00f3n obtenida a trav\u00e9s de las cookies instaladas.<\/p>\n<p>No obstante, puede configurar su navegador, aceptando o rechazando todas las cookies, o bien seleccionar aqu\u00e9llas cuya instalaci\u00f3n admite y cu\u00e1les no, siguiendo uno de los siguientes procedimientos, dependiendo del navegador utilizado:<\/p>\n<ul>\n<li>Google Chrome (en el Men\u00fa Herramientas): Configuraci\u00f3n &gt; Mostrar opciones avanzadas &gt; Privacidad (Configuraci\u00f3n de Contenido) &gt; Cookies<br \/>\nM\u00e1s informaci\u00f3n:\u00a0<a href=\"http:\/\/support.google.com\/chrome\/bin\/answer.py?hl=es&amp;answer=95647\">http:\/\/support.google.com\/chrome\/bin\/answer.py?hl=es&amp;answer=95647<\/a><\/li>\n<li>Microsoft Internet Explorer (en el Men\u00fa Herramientas): Opciones de Internet &gt; Privacidad &gt; Avanzada<br \/>\nM\u00e1s informaci\u00f3n:\u00a0<a href=\"http:\/\/windows.microsoft.com\/es-es\/windows7\/how-to-manage-cookies-in-internet-explorer-9\">http:\/\/windows.microsoft.com\/es-es\/windows7\/how-to-manage-cookies-in-internet-explorer-9<\/a><\/li>\n<li>Firefox: Opciones &gt; Privacidad &gt; Cookies<br \/>\nM\u00e1s informaci\u00f3n:\u00a0<a href=\"http:\/\/support.mozilla.org\/es\/kb\/habilitar-y-deshabilitar-cookies-que-los-sitios-we\">http:\/\/support.mozilla.org\/es\/kb\/habilitar-y-deshabilitar-cookies-que-los-sitios-we<\/a><\/li>\n<li>Safari , iPad y iPhone: Preferencias &gt; Privacidad<br \/>\nM\u00e1s informaci\u00f3n:\u00a0<a href=\"http:\/\/support.apple.com\/kb\/ph5042\">http:\/\/support.apple.com\/kb\/ph5042<\/a><\/li>\n<\/ul>\n<\/div><\/div><\/div><\/div><\/div>\n","protected":false},"excerpt":{"rendered":"","protected":false},"author":1,"featured_media":0,"parent":0,"menu_order":0,"comment_status":"closed","ping_status":"closed","template":"100-width.php","meta":{"footnotes":""},"class_list":["post-3317","page","type-page","status-publish","hentry"],"yoast_head":"<!-- This site is optimized with the Yoast SEO plugin v20.0 - https:\/\/yoast.com\/wordpress\/plugins\/seo\/ -->\n<title>Pol\u00edtica de Cookies - Down Lleida<\/title>\n<meta name=\"robots\" content=\"index, follow, max-snippet:-1, max-image-preview:large, max-video-preview:-1\" \/>\n<link rel=\"canonical\" href=\"https:\/\/downlleida.org\/es\/politica-cookies\/\" \/>\n<meta property=\"og:locale\" content=\"es_ES\" \/>\n<meta property=\"og:type\" content=\"article\" \/>\n<meta property=\"og:title\" content=\"Pol\u00edtica de Cookies - Down Lleida\" \/>\n<meta property=\"og:url\" content=\"https:\/\/downlleida.org\/es\/politica-cookies\/\" \/>\n<meta property=\"og:site_name\" content=\"Down Lleida\" \/>\n<meta property=\"article:modified_time\" content=\"2023-08-23T14:58:26+00:00\" \/>\n<meta name=\"twitter:card\" content=\"summary_large_image\" \/>\n<meta name=\"twitter:label1\" content=\"Tiempo de lectura\" \/>\n\t<meta name=\"twitter:data1\" content=\"5 minutos\" \/>\n<script type=\"application\/ld+json\" class=\"yoast-schema-graph\">{\"@context\":\"https:\/\/schema.org\",\"@graph\":[{\"@type\":\"WebPage\",\"@id\":\"https:\/\/downlleida.org\/es\/politica-cookies\/\",\"url\":\"https:\/\/downlleida.org\/es\/politica-cookies\/\",\"name\":\"Pol\u00edtica de Cookies - Down Lleida\",\"isPartOf\":{\"@id\":\"https:\/\/downlleida.org\/#website\"},\"datePublished\":\"2023-08-23T14:37:05+00:00\",\"dateModified\":\"2023-08-23T14:58:26+00:00\",\"breadcrumb\":{\"@id\":\"https:\/\/downlleida.org\/es\/politica-cookies\/#breadcrumb\"},\"inLanguage\":\"es\",\"potentialAction\":[{\"@type\":\"ReadAction\",\"target\":[\"https:\/\/downlleida.org\/es\/politica-cookies\/\"]}]},{\"@type\":\"BreadcrumbList\",\"@id\":\"https:\/\/downlleida.org\/es\/politica-cookies\/#breadcrumb\",\"itemListElement\":[{\"@type\":\"ListItem\",\"position\":1,\"name\":\"Portada\",\"item\":\"https:\/\/downlleida.org\/es\/\"},{\"@type\":\"ListItem\",\"position\":2,\"name\":\"Pol\u00edtica de Cookies\"}]},{\"@type\":\"WebSite\",\"@id\":\"https:\/\/downlleida.org\/#website\",\"url\":\"https:\/\/downlleida.org\/\",\"name\":\"Down Lleida\",\"description\":\"Associaci\u00f3 Lleidatana per a la S\u00edndrome de Down\",\"potentialAction\":[{\"@type\":\"SearchAction\",\"target\":{\"@type\":\"EntryPoint\",\"urlTemplate\":\"https:\/\/downlleida.org\/?s={search_term_string}\"},\"query-input\":\"required name=search_term_string\"}],\"inLanguage\":\"es\"}]}<\/script>\n<!-- \/ Yoast SEO plugin. -->","yoast_head_json":{"title":"Pol\u00edtica de Cookies - Down Lleida","robots":{"index":"index","follow":"follow","max-snippet":"max-snippet:-1","max-image-preview":"max-image-preview:large","max-video-preview":"max-video-preview:-1"},"canonical":"https:\/\/downlleida.org\/es\/politica-cookies\/","og_locale":"es_ES","og_type":"article","og_title":"Pol\u00edtica de Cookies - Down Lleida","og_url":"https:\/\/downlleida.org\/es\/politica-cookies\/","og_site_name":"Down Lleida","article_modified_time":"2023-08-23T14:58:26+00:00","twitter_card":"summary_large_image","twitter_misc":{"Tiempo de lectura":"5 minutos"},"schema":{"@context":"https:\/\/schema.org","@graph":[{"@type":"WebPage","@id":"https:\/\/downlleida.org\/es\/politica-cookies\/","url":"https:\/\/downlleida.org\/es\/politica-cookies\/","name":"Pol\u00edtica de Cookies - Down Lleida","isPartOf":{"@id":"https:\/\/downlleida.org\/#website"},"datePublished":"2023-08-23T14:37:05+00:00","dateModified":"2023-08-23T14:58:26+00:00","breadcrumb":{"@id":"https:\/\/downlleida.org\/es\/politica-cookies\/#breadcrumb"},"inLanguage":"es","potentialAction":[{"@type":"ReadAction","target":["https:\/\/downlleida.org\/es\/politica-cookies\/"]}]},{"@type":"BreadcrumbList","@id":"https:\/\/downlleida.org\/es\/politica-cookies\/#breadcrumb","itemListElement":[{"@type":"ListItem","position":1,"name":"Portada","item":"https:\/\/downlleida.org\/es\/"},{"@type":"ListItem","position":2,"name":"Pol\u00edtica de Cookies"}]},{"@type":"WebSite","@id":"https:\/\/downlleida.org\/#website","url":"https:\/\/downlleida.org\/","name":"Down Lleida","description":"Associaci\u00f3 Lleidatana per a la S\u00edndrome de Down","potentialAction":[{"@type":"SearchAction","target":{"@type":"EntryPoint","urlTemplate":"https:\/\/downlleida.org\/?s={search_term_string}"},"query-input":"required name=search_term_string"}],"inLanguage":"es"}]}},"_links":{"self":[{"href":"https:\/\/downlleida.org\/es\/wp-json\/wp\/v2\/pages\/3317","targetHints":{"allow":["GET"]}}],"collection":[{"href":"https:\/\/downlleida.org\/es\/wp-json\/wp\/v2\/pages"}],"about":[{"href":"https:\/\/downlleida.org\/es\/wp-json\/wp\/v2\/types\/page"}],"author":[{"embeddable":true,"href":"https:\/\/downlleida.org\/es\/wp-json\/wp\/v2\/users\/1"}],"replies":[{"embeddable":true,"href":"https:\/\/downlleida.org\/es\/wp-json\/wp\/v2\/comments?post=3317"}],"version-history":[{"count":5,"href":"https:\/\/downlleida.org\/es\/wp-json\/wp\/v2\/pages\/3317\/revisions"}],"predecessor-version":[{"id":3333,"href":"https:\/\/downlleida.org\/es\/wp-json\/wp\/v2\/pages\/3317\/revisions\/3333"}],"wp:attachment":[{"href":"https:\/\/downlleida.org\/es\/wp-json\/wp\/v2\/media?parent=3317"}],"curies":[{"name":"wp","href":"https:\/\/api.w.org\/{rel}","templated":true}]}}