{"id":4788,"date":"2024-05-06T09:45:10","date_gmt":"2024-05-06T08:45:10","guid":{"rendered":"https:\/\/downlleida.org\/?page_id=4788"},"modified":"2024-09-03T07:56:33","modified_gmt":"2024-09-03T06:56:33","slug":"canal-de-denuncias","status":"publish","type":"page","link":"https:\/\/downlleida.org\/es\/canal-de-denuncias\/","title":{"rendered":"Canal de denuncias"},"content":{"rendered":"<div class=\"fusion-fullwidth fullwidth-box fusion-builder-row-1 fusion-flex-container has-pattern-background has-mask-background nonhundred-percent-fullwidth non-hundred-percent-height-scrolling\" style=\"--awb-border-radius-top-left:0px;--awb-border-radius-top-right:0px;--awb-border-radius-bottom-right:0px;--awb-border-radius-bottom-left:0px;\" ><div class=\"fusion-builder-row fusion-row fusion-flex-align-items-flex-start\" style=\"max-width:1248px;margin-left: calc(-4% \/ 2 );margin-right: calc(-4% \/ 2 );\"><div class=\"fusion-layout-column fusion_builder_column fusion-builder-column-0 fusion_builder_column_1_1 1_1 fusion-flex-column\" style=\"--awb-bg-size:cover;--awb-width-large:100%;--awb-margin-top-large:0px;--awb-spacing-right-large:1.92%;--awb-margin-bottom-large:20px;--awb-spacing-left-large:1.92%;--awb-width-medium:100%;--awb-order-medium:0;--awb-spacing-right-medium:1.92%;--awb-spacing-left-medium:1.92%;--awb-width-small:100%;--awb-order-small:0;--awb-spacing-right-small:1.92%;--awb-spacing-left-small:1.92%;\"><div class=\"fusion-column-wrapper fusion-column-has-shadow fusion-flex-justify-content-flex-start fusion-content-layout-column\">\n<div class=\"wpcf7 no-js\" id=\"wpcf7-f4790-o1\" lang=\"ca\" dir=\"ltr\" data-wpcf7-id=\"4790\">\n<div class=\"screen-reader-response\"><p role=\"status\" aria-live=\"polite\" aria-atomic=\"true\"><\/p> <ul><\/ul><\/div>\n<form action=\"\/es\/wp-json\/wp\/v2\/pages\/4788#wpcf7-f4790-o1\" method=\"post\" class=\"wpcf7-form init\" aria-label=\"Formulari de contacte\" novalidate=\"novalidate\" data-status=\"init\">\n<div style=\"display: none;\">\n<input type=\"hidden\" name=\"_wpcf7\" value=\"4790\" \/>\n<input type=\"hidden\" name=\"_wpcf7_version\" value=\"6.0.3\" \/>\n<input type=\"hidden\" name=\"_wpcf7_locale\" value=\"ca\" \/>\n<input type=\"hidden\" name=\"_wpcf7_unit_tag\" value=\"wpcf7-f4790-o1\" \/>\n<input type=\"hidden\" name=\"_wpcf7_container_post\" value=\"0\" \/>\n<input type=\"hidden\" name=\"_wpcf7_posted_data_hash\" value=\"\" \/>\n<\/div>\n<p><b>Datos del denunciante (Si quiere denunciar de forma an\u00f3nima no cumplimente los datos identificativos)<\/b>\n<\/p>\n<p><label> Nombre y apellidos (opcional)<br \/>\n<span class=\"wpcf7-form-control-wrap\" data-name=\"your-name\"><input size=\"40\" maxlength=\"400\" class=\"wpcf7-form-control wpcf7-text wpcf7-validates-as-required\" autocomplete=\"name\" aria-required=\"true\" aria-invalid=\"false\" value=\"\" type=\"text\" name=\"your-name\" \/><\/span> <\/label>\n<\/p>\n<p><label> Tel\u00e9fono (opcional)<br \/>\n<span class=\"wpcf7-form-control-wrap\" data-name=\"your-telephone\"><input size=\"40\" maxlength=\"400\" class=\"wpcf7-form-control wpcf7-tel wpcf7-validates-as-required wpcf7-text wpcf7-validates-as-tel\" aria-required=\"true\" aria-invalid=\"false\" value=\"\" type=\"tel\" name=\"your-telephone\" \/><\/span> <\/label>\n<\/p>\n<p><label> Correo electr\u00f3nico (opcional)<br \/>\n<span class=\"wpcf7-form-control-wrap\" data-name=\"your-email\"><input size=\"40\" maxlength=\"400\" class=\"wpcf7-form-control wpcf7-email wpcf7-validates-as-required wpcf7-text wpcf7-validates-as-email\" autocomplete=\"email\" aria-required=\"true\" aria-invalid=\"false\" value=\"\" type=\"email\" name=\"your-email\" \/><\/span> <\/label>\n<\/p>\n<p><label> Relaci\u00f3n con la entidad (opcional)<br \/>\n<span class=\"wpcf7-form-control-wrap\" data-name=\"relacion\"><textarea cols=\"40\" rows=\"10\" maxlength=\"2000\" class=\"wpcf7-form-control wpcf7-textarea wpcf7-validates-as-required\" aria-required=\"true\" aria-invalid=\"false\" name=\"relacion\"><\/textarea><\/span> <\/label>\n<\/p>\n<p><b>Tipo de conducta denunciada<\/b>\n<\/p>\n<p>El sistema interno de informaci\u00f3n permite reportar una infracci\u00f3n de acuerdo a la L 2\/2023, marque la opci\u00f3n correspondiente:\n<\/p>\n<p><span class=\"wpcf7-form-control-wrap\" data-name=\"infraccion\"><span class=\"wpcf7-form-control wpcf7-checkbox\"><span class=\"wpcf7-list-item first last\"><input type=\"checkbox\" name=\"infraccion[]\" value=\"Contrataci\u00f3n p\u00fablica.\" \/><span class=\"wpcf7-list-item-label\">Contrataci\u00f3n p\u00fablica.<\/span><\/span><\/span><\/span><br \/>\n<span class=\"wpcf7-form-control-wrap\" data-name=\"infraccion\"><span class=\"wpcf7-form-control wpcf7-checkbox\"><span class=\"wpcf7-list-item first last\"><input type=\"checkbox\" name=\"infraccion[]\" value=\"Servicios, productos y mercados financieros.\" \/><span class=\"wpcf7-list-item-label\">Servicios, productos y mercados financieros.<\/span><\/span><\/span><\/span><br \/>\n<span class=\"wpcf7-form-control-wrap\" data-name=\"infraccion\"><span class=\"wpcf7-form-control wpcf7-checkbox\"><span class=\"wpcf7-list-item first last\"><input type=\"checkbox\" name=\"infraccion[]\" value=\"Blanqueo de capitales o financiaci\u00f3n del terrorismo.\" \/><span class=\"wpcf7-list-item-label\">Blanqueo de capitales o financiaci\u00f3n del terrorismo.<\/span><\/span><\/span><\/span><br \/>\n<span class=\"wpcf7-form-control-wrap\" data-name=\"infraccion\"><span class=\"wpcf7-form-control wpcf7-checkbox\"><span class=\"wpcf7-list-item first last\"><input type=\"checkbox\" name=\"infraccion[]\" value=\"Seguridad y conformidad de los productos comercializados.\" \/><span class=\"wpcf7-list-item-label\">Seguridad y conformidad de los productos comercializados.<\/span><\/span><\/span><\/span><br \/>\n<span class=\"wpcf7-form-control-wrap\" data-name=\"infraccion\"><span class=\"wpcf7-form-control wpcf7-checkbox\"><span class=\"wpcf7-list-item first last\"><input type=\"checkbox\" name=\"infraccion[]\" value=\"Seguridad del transporte.\" \/><span class=\"wpcf7-list-item-label\">Seguridad del transporte.<\/span><\/span><\/span><\/span><br \/>\n<span class=\"wpcf7-form-control-wrap\" data-name=\"infraccion\"><span class=\"wpcf7-form-control wpcf7-checkbox\"><span class=\"wpcf7-list-item first last\"><input type=\"checkbox\" name=\"infraccion[]\" value=\"Protecci\u00f3n del medio ambiente.\" \/><span class=\"wpcf7-list-item-label\">Protecci\u00f3n del medio ambiente.<\/span><\/span><\/span><\/span><br \/>\n<span class=\"wpcf7-form-control-wrap\" data-name=\"infraccion\"><span class=\"wpcf7-form-control wpcf7-checkbox\"><span class=\"wpcf7-list-item first last\"><input type=\"checkbox\" name=\"infraccion[]\" value=\"Protecci\u00f3n delante radiaciones y seguridad nuclear.\" \/><span class=\"wpcf7-list-item-label\">Protecci\u00f3n delante radiaciones y seguridad nuclear.<\/span><\/span><\/span><\/span><br \/>\n<span class=\"wpcf7-form-control-wrap\" data-name=\"infraccion\"><span class=\"wpcf7-form-control wpcf7-checkbox\"><span class=\"wpcf7-list-item first last\"><input type=\"checkbox\" name=\"infraccion[]\" value=\"Seguridad de los alimentos y de los piensos, la sanidad animal y el bienestar de los animales.\" \/><span class=\"wpcf7-list-item-label\">Seguridad de los alimentos y de los piensos, la sanidad animal y el bienestar de los animales.<\/span><\/span><\/span><\/span><br \/>\n<span class=\"wpcf7-form-control-wrap\" data-name=\"infraccion\"><span class=\"wpcf7-form-control wpcf7-checkbox\"><span class=\"wpcf7-list-item first last\"><input type=\"checkbox\" name=\"infraccion[]\" value=\"Salud p\u00fablica.\" \/><span class=\"wpcf7-list-item-label\">Salud p\u00fablica.<\/span><\/span><\/span><\/span><br \/>\n<span class=\"wpcf7-form-control-wrap\" data-name=\"infraccion\"><span class=\"wpcf7-form-control wpcf7-checkbox\"><span class=\"wpcf7-list-item first last\"><input type=\"checkbox\" name=\"infraccion[]\" value=\"Protecci\u00f3n de los consumidores.\" \/><span class=\"wpcf7-list-item-label\">Protecci\u00f3n de los consumidores.<\/span><\/span><\/span><\/span><br \/>\n<span class=\"wpcf7-form-control-wrap\" data-name=\"infraccion\"><span class=\"wpcf7-form-control wpcf7-checkbox\"><span class=\"wpcf7-list-item first last\"><input type=\"checkbox\" name=\"infraccion[]\" value=\"Protecci\u00f3n de la privacidad y de los datos personales, y seguridad de las redes y los sistemas de informaci\u00f3n.\" \/><span class=\"wpcf7-list-item-label\">Protecci\u00f3n de la privacidad y de los datos personales, y seguridad de las redes y los sistemas de informaci\u00f3n.<\/span><\/span><\/span><\/span><br \/>\n<span class=\"wpcf7-form-control-wrap\" data-name=\"infraccion\"><span class=\"wpcf7-form-control wpcf7-checkbox\"><span class=\"wpcf7-list-item first last\"><input type=\"checkbox\" name=\"infraccion[]\" value=\"Intereses financieros de la Uni\u00f3n y mercado interior.\" \/><span class=\"wpcf7-list-item-label\">Intereses financieros de la Uni\u00f3n y mercado interior.<\/span><\/span><\/span><\/span><br \/>\n<span class=\"wpcf7-form-control-wrap\" data-name=\"infraccion\"><span class=\"wpcf7-form-control wpcf7-checkbox\"><span class=\"wpcf7-list-item first last\"><input type=\"checkbox\" name=\"infraccion[]\" value=\"Corrupci\u00f3n p\u00fablica o privada.\" \/><span class=\"wpcf7-list-item-label\">Corrupci\u00f3n p\u00fablica o privada.<\/span><\/span><\/span><\/span><br \/>\n<span class=\"wpcf7-form-control-wrap\" data-name=\"infraccion\"><span class=\"wpcf7-form-control wpcf7-checkbox\"><span class=\"wpcf7-list-item first last\"><input type=\"checkbox\" name=\"infraccion[]\" value=\"Acoso laboral o sexual.\" \/><span class=\"wpcf7-list-item-label\">Acoso laboral o sexual.<\/span><\/span><\/span><\/span><br \/>\n<span class=\"wpcf7-form-control-wrap\" data-name=\"infraccion\"><span class=\"wpcf7-form-control wpcf7-checkbox\"><span class=\"wpcf7-list-item first last\"><input type=\"checkbox\" name=\"infraccion[]\" value=\"Propiedad industrial o intelectual.\" \/><span class=\"wpcf7-list-item-label\">Propiedad industrial o intelectual.<\/span><\/span><\/span><\/span><br \/>\n<span class=\"wpcf7-form-control-wrap\" data-name=\"infraccion\"><span class=\"wpcf7-form-control wpcf7-checkbox\"><span class=\"wpcf7-list-item first last\"><input type=\"checkbox\" name=\"infraccion[]\" value=\"Libre competencia.\" \/><span class=\"wpcf7-list-item-label\">Libre competencia.<\/span><\/span><\/span><\/span><br \/>\n<span class=\"wpcf7-form-control-wrap\" data-name=\"infraccion\"><span class=\"wpcf7-form-control wpcf7-checkbox\"><span class=\"wpcf7-list-item first last\"><input type=\"checkbox\" name=\"infraccion[]\" value=\"Subvenciones, Hacienda P\u00fablica o Seguridad Social.\" \/><span class=\"wpcf7-list-item-label\">Subvenciones, Hacienda P\u00fablica o Seguridad Social.<\/span><\/span><\/span><\/span><br \/>\n<span class=\"wpcf7-form-control-wrap\" data-name=\"infraccion\"><span class=\"wpcf7-form-control wpcf7-checkbox\"><span class=\"wpcf7-list-item first last\"><input type=\"checkbox\" name=\"infraccion[]\" value=\"Integridad moral de los Derechos Humanos.\" \/><span class=\"wpcf7-list-item-label\">Integridad moral de los Derechos Humanos.<\/span><\/span><\/span><\/span><br \/>\n<span class=\"wpcf7-form-control-wrap\" data-name=\"infraccion\"><span class=\"wpcf7-form-control wpcf7-checkbox\"><span class=\"wpcf7-list-item first last\"><input type=\"checkbox\" name=\"infraccion[]\" value=\"Coacci\u00f3n.\" \/><span class=\"wpcf7-list-item-label\">Coacci\u00f3n.<\/span><\/span><\/span><\/span><br \/>\n<span class=\"wpcf7-form-control-wrap\" data-name=\"infraccion\"><span class=\"wpcf7-form-control wpcf7-checkbox\"><span class=\"wpcf7-list-item first last\"><input type=\"checkbox\" name=\"infraccion[]\" value=\"Tr\u00e1fico de influencias.\" \/><span class=\"wpcf7-list-item-label\">Tr\u00e1fico de influencias.<\/span><\/span><\/span><\/span><br \/>\n<span class=\"wpcf7-form-control-wrap\" data-name=\"infraccion\"><span class=\"wpcf7-form-control wpcf7-checkbox\"><span class=\"wpcf7-list-item first last\"><input type=\"checkbox\" name=\"infraccion[]\" value=\"Conflictos de intereses.\" \/><span class=\"wpcf7-list-item-label\">Conflictos de intereses.<\/span><\/span><\/span><\/span><br \/>\n<span class=\"wpcf7-form-control-wrap\" data-name=\"infraccion\"><span class=\"wpcf7-form-control wpcf7-checkbox\"><span class=\"wpcf7-list-item first last\"><input type=\"checkbox\" name=\"infraccion[]\" value=\"Prevenci\u00f3n de riesgos laborales.\" \/><span class=\"wpcf7-list-item-label\">Prevenci\u00f3n de riesgos laborales.<\/span><\/span><\/span><\/span><br \/>\n<span class=\"wpcf7-form-control-wrap\" data-name=\"infraccion\"><span class=\"wpcf7-form-control wpcf7-checkbox\"><span class=\"wpcf7-list-item first last\"><input type=\"checkbox\" name=\"infraccion[]\" value=\"Otras infracciones penales.\" \/><span class=\"wpcf7-list-item-label\">Otras infracciones penales.<\/span><\/span><\/span><\/span><br \/>\n<span class=\"wpcf7-form-control-wrap\" data-name=\"infraccion\"><span class=\"wpcf7-form-control wpcf7-checkbox\"><span class=\"wpcf7-list-item first last\"><input type=\"checkbox\" name=\"infraccion[]\" value=\"Otras infracciones administrativas graves y muy graves.\" \/><span class=\"wpcf7-list-item-label\">Otras infracciones administrativas graves y muy graves.<\/span><\/span><\/span><\/span>\n<\/p>\n<p><b>Informaci\u00f3n adicional datos posible infracci\u00f3n<\/b>\n<\/p>\n<p>Se aporta documentaci\u00f3n complementaria:<br \/>\n<span class=\"wpcf7-form-control-wrap\" data-name=\"documentacion\"><span class=\"wpcf7-form-control wpcf7-radio\"><span class=\"wpcf7-list-item first\"><input type=\"radio\" name=\"documentacion\" value=\"S\u00ed\" checked=\"checked\" \/><span class=\"wpcf7-list-item-label\">S\u00ed<\/span><\/span><span class=\"wpcf7-list-item last\"><input type=\"radio\" name=\"documentacion\" value=\"No\" \/><span class=\"wpcf7-list-item-label\">No<\/span><\/span><\/span><\/span>\n<\/p>\n<p>Explicaci\u00f3n de la incidencia detectada (Hechos, fechas, horas, lugares, pruebas, testigos, etc.)<br \/>\n<span class=\"wpcf7-form-control-wrap\" data-name=\"incidencia\"><textarea cols=\"40\" rows=\"10\" maxlength=\"2000\" class=\"wpcf7-form-control wpcf7-textarea wpcf7-validates-as-required\" aria-required=\"true\" aria-invalid=\"false\" name=\"incidencia\"><\/textarea><\/span>\n<\/p>\n<p><input class=\"wpcf7-form-control wpcf7-submit has-spinner\" type=\"submit\" value=\"Env\u00eda\" \/>\n<\/p><div class=\"fusion-alert alert custom alert-custom fusion-alert-center wpcf7-response-output alert-dismissable\" style=\"--awb-border-size:1px;\" role=\"alert\"><div class=\"fusion-alert-content-wrapper\"><span class=\"fusion-alert-content\"><\/span><\/div><button type=\"button\" class=\"close toggle-alert\" data-dismiss=\"alert\" aria-label=\"Close\">&times;<\/button><\/div>\n<\/form>\n<\/div>\n<div class=\"accordian fusion-accordian\" style=\"--awb-border-size:1px;--awb-icon-size:16px;--awb-content-font-size:var(--awb-typography4-font-size);--awb-icon-alignment:left;--awb-hover-color:var(--awb-color6);--awb-border-color:var(--awb-color3);--awb-background-color:var(--awb-color1);--awb-divider-color:var(--awb-color3);--awb-divider-hover-color:var(--awb-color3);--awb-icon-color:var(--awb-color1);--awb-title-color:var(--awb-color8);--awb-content-color:var(--awb-color8);--awb-icon-box-color:var(--awb-color8);--awb-toggle-hover-accent-color:var(--awb-color5);--awb-toggle-active-accent-color:var(--awb-color4);--awb-title-font-family:var(--awb-typography1-font-family);--awb-title-font-weight:var(--awb-typography1-font-weight);--awb-title-font-style:var(--awb-typography1-font-style);--awb-title-font-size:24px;--awb-title-letter-spacing:var(--awb-typography1-letter-spacing);--awb-title-line-height:var(--awb-typography1-line-height);--awb-content-font-family:var(--awb-typography4-font-family);--awb-content-font-weight:var(--awb-typography4-font-weight);--awb-content-font-style:var(--awb-typography4-font-style);\"><div class=\"panel-group fusion-toggle-icon-boxed\" id=\"accordion-4788-1\"><div class=\"fusion-panel panel-default panel-c03aa193d885c9c4f fusion-toggle-has-divider\" style=\"--awb-title-color:var(--awb-color8);\"><div class=\"panel-heading\"><h4 class=\"panel-title toggle\" id=\"toggle_c03aa193d885c9c4f\"><a aria-expanded=\"false\" aria-controls=\"c03aa193d885c9c4f\" role=\"button\" data-toggle=\"collapse\" data-parent=\"#accordion-4788-1\" data-target=\"#c03aa193d885c9c4f\" href=\"#c03aa193d885c9c4f\"><span class=\"fusion-toggle-icon-wrapper\" aria-hidden=\"true\"><i class=\"fa-fusion-box active-icon awb-icon-minus\" aria-hidden=\"true\"><\/i><i class=\"fa-fusion-box inactive-icon awb-icon-plus\" aria-hidden=\"true\"><\/i><\/span><span class=\"fusion-toggle-heading\">Procedimiento de gesti\u00f3n de denuncias<\/span><\/a><\/h4><\/div><div id=\"c03aa193d885c9c4f\" class=\"panel-collapse collapse \" araia-labelledby=\"toggle_c03aa193d885c9c4f\"><div class=\"panel-body toggle-content fusion-clearfix\">\n<h6>El comit\u00e9 de cumplimiento atender\u00e1 las denuncias presentadas siguiendo el procedimiento que se indica a continuaci\u00f3n y preservando siempre que sea posible la confidencialidad de la informaci\u00f3n relativa a la denuncia:<\/h6>\n<h6>An\u00e1lisis de competencia. El comit\u00e9 iniciar\u00e1 un an\u00e1lisis inicial relativo a determinar la competencia del propio Comit\u00e9 relativo al asunto denunciado. En el supuesto de no declararse competente se trasladar\u00e1 el resultado por escrito al denunciante del departamento de RRHH y a la junta directiva.<\/h6>\n<h6>B\u00fasqueda. El comit\u00e9 iniciar\u00e1 una b\u00fasqueda interna pudiendo requerir a todo el personal de todas las \u00e1reas y departamentos la informaci\u00f3n y documentaci\u00f3n que estime oportuna, siempre preservando los derechos de demandante y demandado.<\/h6>\n<h6>Emisi\u00f3n de informe: El comit\u00e9 emitir\u00e1 un informe escrito en el cual se detallar\u00e1n las actuaciones realizadas, as\u00ed como los hechos probados, resolviendo su dictamen, y proponiendo asimismo y si se da el caso un acuerdo de sanci\u00f3n<\/h6>\n<h6>Comunicaci\u00f3n de la resoluci\u00f3n.<\/h6>\n<ul>\n<li>\n<h6>Resultado favorable a la persona denunciante, en el caso que se haya resuelto imponer sanciones, este informe se remitir\u00e1 a la comisi\u00f3n de RRHH o a las coordinadoras de \u00e1rea a la que pertenezca el\/la profesional sancionado para que aplique las sanciones que se hayan derivado del incumplimiento. Pero si no fuera suficiente y en caso de que se trate de un incumplimiento grave o que requiera iniciar acciones judiciales, se tendr\u00e1 que comunicar el informe a la Junta Directiva.<\/h6>\n<\/li>\n<li>\n<h6>Resultado favorable a la persona denunciada. En el caso de que la resoluci\u00f3n del Comit\u00e9 despu\u00e9s de las investigaciones sea favorable al denunciado se informara de tal hecho mediante un informe detallado a las dos partes y a la Junta Directiva.<\/h6>\n<\/li>\n<\/ul>\n<h6>En cualquier caso, el Comit\u00e9 preservara la confidencialidad de la identidad del denunciante, y no adoptar\u00e1 represalias, no obstante, el Comit\u00e9 adoptar\u00e1 las medidas oportunas si detectara que el denunciante ha incurrido en mala fe (conforme al art\u00edculo 456 y siguientes CP).<\/h6>\n<\/div><\/div><\/div><\/div><\/div><\/div><\/div><\/div><\/div>\n","protected":false},"excerpt":{"rendered":"","protected":false},"author":1,"featured_media":0,"parent":0,"menu_order":0,"comment_status":"closed","ping_status":"closed","template":"100-width.php","meta":{"footnotes":""},"class_list":["post-4788","page","type-page","status-publish","hentry"],"yoast_head":"<!-- This site is optimized with the Yoast SEO plugin v20.0 - https:\/\/yoast.com\/wordpress\/plugins\/seo\/ -->\n<title>Canal de denuncias - Down Lleida<\/title>\n<meta name=\"robots\" content=\"index, follow, max-snippet:-1, max-image-preview:large, max-video-preview:-1\" \/>\n<link rel=\"canonical\" href=\"https:\/\/downlleida.org\/es\/canal-de-denuncias\/\" \/>\n<meta property=\"og:locale\" content=\"es_ES\" \/>\n<meta property=\"og:type\" content=\"article\" \/>\n<meta property=\"og:title\" content=\"Canal de denuncias - Down Lleida\" \/>\n<meta property=\"og:url\" content=\"https:\/\/downlleida.org\/es\/canal-de-denuncias\/\" \/>\n<meta property=\"og:site_name\" content=\"Down Lleida\" \/>\n<meta property=\"article:modified_time\" content=\"2024-09-03T06:56:33+00:00\" \/>\n<meta name=\"twitter:card\" content=\"summary_large_image\" \/>\n<meta name=\"twitter:label1\" content=\"Tiempo de lectura\" \/>\n\t<meta name=\"twitter:data1\" content=\"4 minutos\" \/>\n<script type=\"application\/ld+json\" class=\"yoast-schema-graph\">{\"@context\":\"https:\/\/schema.org\",\"@graph\":[{\"@type\":\"WebPage\",\"@id\":\"https:\/\/downlleida.org\/es\/canal-de-denuncias\/\",\"url\":\"https:\/\/downlleida.org\/es\/canal-de-denuncias\/\",\"name\":\"Canal de denuncias - Down Lleida\",\"isPartOf\":{\"@id\":\"https:\/\/downlleida.org\/#website\"},\"datePublished\":\"2024-05-06T08:45:10+00:00\",\"dateModified\":\"2024-09-03T06:56:33+00:00\",\"breadcrumb\":{\"@id\":\"https:\/\/downlleida.org\/es\/canal-de-denuncias\/#breadcrumb\"},\"inLanguage\":\"es\",\"potentialAction\":[{\"@type\":\"ReadAction\",\"target\":[\"https:\/\/downlleida.org\/es\/canal-de-denuncias\/\"]}]},{\"@type\":\"BreadcrumbList\",\"@id\":\"https:\/\/downlleida.org\/es\/canal-de-denuncias\/#breadcrumb\",\"itemListElement\":[{\"@type\":\"ListItem\",\"position\":1,\"name\":\"Portada\",\"item\":\"https:\/\/downlleida.org\/es\/\"},{\"@type\":\"ListItem\",\"position\":2,\"name\":\"Canal de denuncias\"}]},{\"@type\":\"WebSite\",\"@id\":\"https:\/\/downlleida.org\/#website\",\"url\":\"https:\/\/downlleida.org\/\",\"name\":\"Down Lleida\",\"description\":\"Associaci\u00f3 Lleidatana per a la S\u00edndrome de Down\",\"potentialAction\":[{\"@type\":\"SearchAction\",\"target\":{\"@type\":\"EntryPoint\",\"urlTemplate\":\"https:\/\/downlleida.org\/?s={search_term_string}\"},\"query-input\":\"required name=search_term_string\"}],\"inLanguage\":\"es\"}]}<\/script>\n<!-- \/ Yoast SEO plugin. -->","yoast_head_json":{"title":"Canal de denuncias - Down Lleida","robots":{"index":"index","follow":"follow","max-snippet":"max-snippet:-1","max-image-preview":"max-image-preview:large","max-video-preview":"max-video-preview:-1"},"canonical":"https:\/\/downlleida.org\/es\/canal-de-denuncias\/","og_locale":"es_ES","og_type":"article","og_title":"Canal de denuncias - Down Lleida","og_url":"https:\/\/downlleida.org\/es\/canal-de-denuncias\/","og_site_name":"Down Lleida","article_modified_time":"2024-09-03T06:56:33+00:00","twitter_card":"summary_large_image","twitter_misc":{"Tiempo de lectura":"4 minutos"},"schema":{"@context":"https:\/\/schema.org","@graph":[{"@type":"WebPage","@id":"https:\/\/downlleida.org\/es\/canal-de-denuncias\/","url":"https:\/\/downlleida.org\/es\/canal-de-denuncias\/","name":"Canal de denuncias - Down Lleida","isPartOf":{"@id":"https:\/\/downlleida.org\/#website"},"datePublished":"2024-05-06T08:45:10+00:00","dateModified":"2024-09-03T06:56:33+00:00","breadcrumb":{"@id":"https:\/\/downlleida.org\/es\/canal-de-denuncias\/#breadcrumb"},"inLanguage":"es","potentialAction":[{"@type":"ReadAction","target":["https:\/\/downlleida.org\/es\/canal-de-denuncias\/"]}]},{"@type":"BreadcrumbList","@id":"https:\/\/downlleida.org\/es\/canal-de-denuncias\/#breadcrumb","itemListElement":[{"@type":"ListItem","position":1,"name":"Portada","item":"https:\/\/downlleida.org\/es\/"},{"@type":"ListItem","position":2,"name":"Canal de denuncias"}]},{"@type":"WebSite","@id":"https:\/\/downlleida.org\/#website","url":"https:\/\/downlleida.org\/","name":"Down Lleida","description":"Associaci\u00f3 Lleidatana per a la S\u00edndrome de Down","potentialAction":[{"@type":"SearchAction","target":{"@type":"EntryPoint","urlTemplate":"https:\/\/downlleida.org\/?s={search_term_string}"},"query-input":"required name=search_term_string"}],"inLanguage":"es"}]}},"_links":{"self":[{"href":"https:\/\/downlleida.org\/es\/wp-json\/wp\/v2\/pages\/4788","targetHints":{"allow":["GET"]}}],"collection":[{"href":"https:\/\/downlleida.org\/es\/wp-json\/wp\/v2\/pages"}],"about":[{"href":"https:\/\/downlleida.org\/es\/wp-json\/wp\/v2\/types\/page"}],"author":[{"embeddable":true,"href":"https:\/\/downlleida.org\/es\/wp-json\/wp\/v2\/users\/1"}],"replies":[{"embeddable":true,"href":"https:\/\/downlleida.org\/es\/wp-json\/wp\/v2\/comments?post=4788"}],"version-history":[{"count":4,"href":"https:\/\/downlleida.org\/es\/wp-json\/wp\/v2\/pages\/4788\/revisions"}],"predecessor-version":[{"id":4831,"href":"https:\/\/downlleida.org\/es\/wp-json\/wp\/v2\/pages\/4788\/revisions\/4831"}],"wp:attachment":[{"href":"https:\/\/downlleida.org\/es\/wp-json\/wp\/v2\/media?parent=4788"}],"curies":[{"name":"wp","href":"https:\/\/api.w.org\/{rel}","templated":true}]}}